{"id":498,"date":"2024-11-08T19:49:42","date_gmt":"2024-11-08T19:49:42","guid":{"rendered":"https:\/\/cotriangulum.com\/?page_id=498"},"modified":"2024-11-22T17:11:24","modified_gmt":"2024-11-22T17:11:24","slug":"catalogo","status":"publish","type":"page","link":"https:\/\/cotriangulum.com\/index.php\/catalogo\/","title":{"rendered":"Catalogo"},"content":{"rendered":"\t\t<div data-elementor-type=\"wp-page\" data-elementor-id=\"498\" class=\"elementor elementor-498\">\n\t\t\t\t\t\t<section class=\"elementor-section elementor-top-section elementor-element elementor-element-416d621 elementor-section-boxed elementor-section-height-default elementor-section-height-default\" data-id=\"416d621\" data-element_type=\"section\" data-e-type=\"section\">\n\t\t\t\t\t\t<div class=\"elementor-container elementor-column-gap-default\">\n\t\t\t\t\t<div class=\"elementor-column elementor-col-100 elementor-top-column elementor-element elementor-element-1fa8b94\" data-id=\"1fa8b94\" data-element_type=\"column\" data-e-type=\"column\">\n\t\t\t<div class=\"elementor-widget-wrap elementor-element-populated\">\n\t\t\t\t\t\t<section class=\"elementor-section elementor-inner-section elementor-element elementor-element-e9498db elementor-section-boxed elementor-section-height-default elementor-section-height-default\" data-id=\"e9498db\" data-element_type=\"section\" data-e-type=\"section\">\n\t\t\t\t\t\t<div class=\"elementor-container elementor-column-gap-default\">\n\t\t\t\t\t<div class=\"elementor-column elementor-col-50 elementor-inner-column elementor-element elementor-element-0aa8f79\" data-id=\"0aa8f79\" data-element_type=\"column\" data-e-type=\"column\">\n\t\t\t<div class=\"elementor-widget-wrap elementor-element-populated\">\n\t\t\t\t\t\t<div class=\"elementor-element elementor-element-e5174c6 elementor-widget__width-initial elementor-widget elementor-widget-image\" data-id=\"e5174c6\" data-element_type=\"widget\" data-e-type=\"widget\" data-widget_type=\"image.default\">\n\t\t\t\t<div class=\"elementor-widget-container\">\n\t\t\t\t\t\t\t\t\t\t\t\t\t\t\t<img decoding=\"async\" src=\"https:\/\/cotriangulum.com\/wp-content\/uploads\/2024\/11\/cuanto-cuesta-administrar-una-pagina-web-removebg-preview.png\" title=\"\" alt=\"\" loading=\"lazy\" \/>\t\t\t\t\t\t\t\t\t\t\t\t\t\t\t<\/div>\n\t\t\t\t<\/div>\n\t\t\t\t\t<\/div>\n\t\t<\/div>\n\t\t\t\t<div class=\"elementor-column elementor-col-50 elementor-inner-column elementor-element elementor-element-d28822c\" data-id=\"d28822c\" data-element_type=\"column\" data-e-type=\"column\">\n\t\t\t<div class=\"elementor-widget-wrap elementor-element-populated\">\n\t\t\t\t\t\t<div class=\"elementor-element elementor-element-ddf03bb elementor-widget__width-initial elementor-widget elementor-widget-text-editor\" data-id=\"ddf03bb\" data-element_type=\"widget\" data-e-type=\"widget\" data-widget_type=\"text-editor.default\">\n\t\t\t\t<div class=\"elementor-widget-container\">\n\t\t\t\t\t\t\t\t\t<p>Desarrallo de pagina Web Desarrollo basico<\/p><ul><li>Creaci\u00f3n de un nuevo sitio web.<\/li><li>Creaci\u00f3n y eliminaci\u00f3n de secciones.<\/li><li>Renombrar secciones sitio web.<\/li><li>Cambios de tipo de esquema.<\/li><li>Actualizaciones funcionales del CMS.<\/li><li>Liberaci\u00f3n del sitio de mantenimiento a producci\u00f3n.<\/li><li>Redireccionamiento de dominio.<\/li><li>Creaci\u00f3n y restablecimiento de credencial<\/li><\/ul>\t\t\t\t\t\t\t\t<\/div>\n\t\t\t\t<\/div>\n\t\t\t\t\t<\/div>\n\t\t<\/div>\n\t\t\t\t\t<\/div>\n\t\t<\/section>\n\t\t\t\t\t<\/div>\n\t\t<\/div>\n\t\t\t\t\t<\/div>\n\t\t<\/section>\n\t\t\t\t<section class=\"elementor-section elementor-top-section elementor-element elementor-element-5ab0b79 elementor-section-boxed elementor-section-height-default elementor-section-height-default\" data-id=\"5ab0b79\" data-element_type=\"section\" data-e-type=\"section\">\n\t\t\t\t\t\t<div class=\"elementor-container elementor-column-gap-default\">\n\t\t\t\t\t<div class=\"elementor-column elementor-col-100 elementor-top-column elementor-element elementor-element-87cdcc2\" data-id=\"87cdcc2\" data-element_type=\"column\" data-e-type=\"column\">\n\t\t\t<div class=\"elementor-widget-wrap elementor-element-populated\">\n\t\t\t\t\t\t<section class=\"elementor-section elementor-inner-section elementor-element elementor-element-b20711e elementor-section-boxed elementor-section-height-default elementor-section-height-default\" data-id=\"b20711e\" data-element_type=\"section\" data-e-type=\"section\">\n\t\t\t\t\t\t<div class=\"elementor-container elementor-column-gap-default\">\n\t\t\t\t\t<div class=\"elementor-column elementor-col-50 elementor-inner-column elementor-element elementor-element-f45a970\" data-id=\"f45a970\" data-element_type=\"column\" data-e-type=\"column\">\n\t\t\t<div class=\"elementor-widget-wrap elementor-element-populated\">\n\t\t\t\t\t\t<div class=\"elementor-element elementor-element-4c43294 elementor-widget elementor-widget-image\" data-id=\"4c43294\" data-element_type=\"widget\" data-e-type=\"widget\" data-widget_type=\"image.default\">\n\t\t\t\t<div class=\"elementor-widget-container\">\n\t\t\t\t\t\t\t\t\t\t\t\t\t\t\t<img decoding=\"async\" src=\"https:\/\/cotriangulum.com\/wp-content\/uploads\/2024\/11\/images-removebg-preview.png\" title=\"\" alt=\"\" loading=\"lazy\" \/>\t\t\t\t\t\t\t\t\t\t\t\t\t\t\t<\/div>\n\t\t\t\t<\/div>\n\t\t\t\t<div class=\"elementor-element elementor-element-f474986 elementor-widget elementor-widget-image\" data-id=\"f474986\" data-element_type=\"widget\" data-e-type=\"widget\" data-widget_type=\"image.default\">\n\t\t\t\t<div class=\"elementor-widget-container\">\n\t\t\t\t\t\t\t\t\t\t\t\t\t\t\t<img fetchpriority=\"high\" decoding=\"async\" width=\"666\" height=\"375\" src=\"https:\/\/cotriangulum.com\/wp-content\/uploads\/2024\/11\/cuanto-cuesta-administrar-una-pagina-web-removebg-preview.png\" class=\"attachment-large size-large wp-image-545\" alt=\"\" srcset=\"https:\/\/cotriangulum.com\/wp-content\/uploads\/2024\/11\/cuanto-cuesta-administrar-una-pagina-web-removebg-preview.png 666w, https:\/\/cotriangulum.com\/wp-content\/uploads\/2024\/11\/cuanto-cuesta-administrar-una-pagina-web-removebg-preview-300x169.png 300w\" sizes=\"(max-width: 666px) 100vw, 666px\" \/>\t\t\t\t\t\t\t\t\t\t\t\t\t\t\t<\/div>\n\t\t\t\t<\/div>\n\t\t\t\t\t<\/div>\n\t\t<\/div>\n\t\t\t\t<div class=\"elementor-column elementor-col-50 elementor-inner-column elementor-element elementor-element-98535d1\" data-id=\"98535d1\" data-element_type=\"column\" data-e-type=\"column\">\n\t\t\t<div class=\"elementor-widget-wrap elementor-element-populated\">\n\t\t\t\t\t\t<div class=\"elementor-element elementor-element-2edf779 elementor-widget elementor-widget-text-editor\" data-id=\"2edf779\" data-element_type=\"widget\" data-e-type=\"widget\" data-widget_type=\"text-editor.default\">\n\t\t\t\t<div class=\"elementor-widget-container\">\n\t\t\t\t\t\t\t\t\t<p><strong>Protege: Vulnerabilidades y riesgos a los equipos<\/strong><\/p><ul><li>\u00a0Protecci\u00f3n de correos masivos<\/li><li>Desarrollo de aplicaciones<\/li><li>Dictaminaci\u00f3n<\/li><li>Soporte tecnico de aplicaciones<\/li><li>Pruebas de seguridad<\/li><li>Resguardo de respaldo de informaci\u00f3n<\/li><li>Verificaci\u00f3n de equipos<\/li><li>Sistema de gestion interna<\/li><\/ul>\t\t\t\t\t\t\t\t<\/div>\n\t\t\t\t<\/div>\n\t\t\t\t\t<\/div>\n\t\t<\/div>\n\t\t\t\t\t<\/div>\n\t\t<\/section>\n\t\t\t\t\t<\/div>\n\t\t<\/div>\n\t\t\t\t\t<\/div>\n\t\t<\/section>\n\t\t\t\t<section class=\"elementor-section elementor-top-section elementor-element elementor-element-3a0827c elementor-section-boxed elementor-section-height-default elementor-section-height-default\" data-id=\"3a0827c\" data-element_type=\"section\" data-e-type=\"section\">\n\t\t\t\t\t\t<div class=\"elementor-container elementor-column-gap-default\">\n\t\t\t\t\t<div class=\"elementor-column elementor-col-50 elementor-top-column elementor-element elementor-element-1472ab7\" data-id=\"1472ab7\" data-element_type=\"column\" data-e-type=\"column\">\n\t\t\t<div class=\"elementor-widget-wrap elementor-element-populated\">\n\t\t\t\t\t\t<div class=\"elementor-element elementor-element-6eea1f5 elementor-widget elementor-widget-image\" data-id=\"6eea1f5\" data-element_type=\"widget\" data-e-type=\"widget\" data-widget_type=\"image.default\">\n\t\t\t\t<div class=\"elementor-widget-container\">\n\t\t\t\t\t\t\t\t\t\t\t\t\t\t\t<img fetchpriority=\"high\" decoding=\"async\" width=\"666\" height=\"375\" src=\"https:\/\/cotriangulum.com\/wp-content\/uploads\/2024\/11\/cuanto-cuesta-administrar-una-pagina-web-removebg-preview.png\" class=\"attachment-large size-large wp-image-545\" alt=\"\" srcset=\"https:\/\/cotriangulum.com\/wp-content\/uploads\/2024\/11\/cuanto-cuesta-administrar-una-pagina-web-removebg-preview.png 666w, https:\/\/cotriangulum.com\/wp-content\/uploads\/2024\/11\/cuanto-cuesta-administrar-una-pagina-web-removebg-preview-300x169.png 300w\" sizes=\"(max-width: 666px) 100vw, 666px\" \/>\t\t\t\t\t\t\t\t\t\t\t\t\t\t\t<\/div>\n\t\t\t\t<\/div>\n\t\t\t\t\t<\/div>\n\t\t<\/div>\n\t\t\t\t<div class=\"elementor-column elementor-col-50 elementor-top-column elementor-element elementor-element-b579221\" data-id=\"b579221\" data-element_type=\"column\" data-e-type=\"column\">\n\t\t\t<div class=\"elementor-widget-wrap elementor-element-populated\">\n\t\t\t\t\t\t<div class=\"elementor-element elementor-element-467df5e elementor-widget__width-initial elementor-widget elementor-widget-text-editor\" data-id=\"467df5e\" data-element_type=\"widget\" data-e-type=\"widget\" data-widget_type=\"text-editor.default\">\n\t\t\t\t<div class=\"elementor-widget-container\">\n\t\t\t\t\t\t\t\t\t<p>Desarrollo Web a la Medida <strong>(Elite)<\/strong><\/p><ul><li>Secciones 3<\/li><li>Revisiones y Cambios\u00a0<\/li><li>Chat, formularios, maps<\/li><li>Certificado SSL<\/li><li>Correos corporativos<\/li><li>Cupon de publicidad digital 5%<\/li><li>Manual de uso<\/li><li>Hosting 3 meses<\/li><li>Tiempo de entrega 3 a 4 semanas\u00a0<\/li><\/ul>\t\t\t\t\t\t\t\t<\/div>\n\t\t\t\t<\/div>\n\t\t\t\t\t<\/div>\n\t\t<\/div>\n\t\t\t\t\t<\/div>\n\t\t<\/section>\n\t\t\t\t<section class=\"elementor-section elementor-top-section elementor-element elementor-element-1c91444 elementor-section-boxed elementor-section-height-default elementor-section-height-default\" data-id=\"1c91444\" data-element_type=\"section\" data-e-type=\"section\">\n\t\t\t\t\t\t<div class=\"elementor-container elementor-column-gap-default\">\n\t\t\t\t\t<div class=\"elementor-column elementor-col-50 elementor-top-column elementor-element elementor-element-75a2275\" data-id=\"75a2275\" data-element_type=\"column\" data-e-type=\"column\">\n\t\t\t<div class=\"elementor-widget-wrap elementor-element-populated\">\n\t\t\t\t\t\t<div class=\"elementor-element elementor-element-38440ff elementor-widget elementor-widget-image\" data-id=\"38440ff\" data-element_type=\"widget\" data-e-type=\"widget\" data-widget_type=\"image.default\">\n\t\t\t\t<div class=\"elementor-widget-container\">\n\t\t\t\t\t\t\t\t\t\t\t\t\t\t\t<img fetchpriority=\"high\" decoding=\"async\" width=\"666\" height=\"375\" src=\"https:\/\/cotriangulum.com\/wp-content\/uploads\/2024\/11\/cuanto-cuesta-administrar-una-pagina-web-removebg-preview.png\" class=\"attachment-large size-large wp-image-545\" alt=\"\" srcset=\"https:\/\/cotriangulum.com\/wp-content\/uploads\/2024\/11\/cuanto-cuesta-administrar-una-pagina-web-removebg-preview.png 666w, https:\/\/cotriangulum.com\/wp-content\/uploads\/2024\/11\/cuanto-cuesta-administrar-una-pagina-web-removebg-preview-300x169.png 300w\" sizes=\"(max-width: 666px) 100vw, 666px\" \/>\t\t\t\t\t\t\t\t\t\t\t\t\t\t\t<\/div>\n\t\t\t\t<\/div>\n\t\t\t\t\t<\/div>\n\t\t<\/div>\n\t\t\t\t<div class=\"elementor-column elementor-col-50 elementor-top-column elementor-element elementor-element-1a45180\" data-id=\"1a45180\" data-element_type=\"column\" data-e-type=\"column\">\n\t\t\t<div class=\"elementor-widget-wrap elementor-element-populated\">\n\t\t\t\t\t\t<div class=\"elementor-element elementor-element-67d3b0d elementor-widget elementor-widget-text-editor\" data-id=\"67d3b0d\" data-element_type=\"widget\" data-e-type=\"widget\" data-widget_type=\"text-editor.default\">\n\t\t\t\t<div class=\"elementor-widget-container\">\n\t\t\t\t\t\t\t\t\t<p>Desarrollo Web a la medida <strong>(Premium)<\/strong><\/p><ul><li>Secciones 10<\/li><li>Revisiones y cambios<\/li><li>Chat, formularios, maps<\/li><li>Certificado SSL<\/li><li>correos coporativos 10<\/li><li>Cupon de publicidad digital 15%<\/li><li>Manual de uso<\/li><li>Hosting 9 meses\u00a0<\/li><li>Seo Page<\/li><li>Dominio\u00a0<\/li><li>Tiempo de entrega 3 a 4 semanas<\/li><\/ul>\t\t\t\t\t\t\t\t<\/div>\n\t\t\t\t<\/div>\n\t\t\t\t\t<\/div>\n\t\t<\/div>\n\t\t\t\t\t<\/div>\n\t\t<\/section>\n\t\t\t\t<section class=\"elementor-section elementor-top-section elementor-element elementor-element-7757cad elementor-section-boxed elementor-section-height-default elementor-section-height-default\" data-id=\"7757cad\" data-element_type=\"section\" data-e-type=\"section\">\n\t\t\t\t\t\t<div class=\"elementor-container elementor-column-gap-default\">\n\t\t\t\t\t<div class=\"elementor-column elementor-col-50 elementor-top-column elementor-element elementor-element-056d32b\" data-id=\"056d32b\" data-element_type=\"column\" data-e-type=\"column\">\n\t\t\t<div class=\"elementor-widget-wrap elementor-element-populated\">\n\t\t\t\t\t\t<div class=\"elementor-element elementor-element-6cafcd2 elementor-widget elementor-widget-image\" data-id=\"6cafcd2\" data-element_type=\"widget\" data-e-type=\"widget\" data-widget_type=\"image.default\">\n\t\t\t\t<div class=\"elementor-widget-container\">\n\t\t\t\t\t\t\t\t\t\t\t\t\t\t\t<img fetchpriority=\"high\" decoding=\"async\" width=\"666\" height=\"375\" src=\"https:\/\/cotriangulum.com\/wp-content\/uploads\/2024\/11\/cuanto-cuesta-administrar-una-pagina-web-removebg-preview.png\" class=\"attachment-large size-large wp-image-545\" alt=\"\" srcset=\"https:\/\/cotriangulum.com\/wp-content\/uploads\/2024\/11\/cuanto-cuesta-administrar-una-pagina-web-removebg-preview.png 666w, https:\/\/cotriangulum.com\/wp-content\/uploads\/2024\/11\/cuanto-cuesta-administrar-una-pagina-web-removebg-preview-300x169.png 300w\" sizes=\"(max-width: 666px) 100vw, 666px\" \/>\t\t\t\t\t\t\t\t\t\t\t\t\t\t\t<\/div>\n\t\t\t\t<\/div>\n\t\t\t\t\t<\/div>\n\t\t<\/div>\n\t\t\t\t<div class=\"elementor-column elementor-col-50 elementor-top-column elementor-element elementor-element-4a3a1dc\" data-id=\"4a3a1dc\" data-element_type=\"column\" data-e-type=\"column\">\n\t\t\t<div class=\"elementor-widget-wrap elementor-element-populated\">\n\t\t\t\t\t\t<div class=\"elementor-element elementor-element-c298e6f elementor-widget elementor-widget-text-editor\" data-id=\"c298e6f\" data-element_type=\"widget\" data-e-type=\"widget\" data-widget_type=\"text-editor.default\">\n\t\t\t\t<div class=\"elementor-widget-container\">\n\t\t\t\t\t\t\t\t\t<p>Desarrollo Web a la medida <strong>(Ultimate)<\/strong><\/p><ul><li>Secciones 20<\/li><li>Revisiones y cambios\u00a0<\/li><li>Chat, formularios, Maps<\/li><li>Certificado SSL<\/li><li>Correos corporativos 20<\/li><li>Cupon de publicidad digital 30%<\/li><li>Manual de uso<\/li><li>Hosting 12 meses<\/li><li>Seo Page<\/li><li>Dominio<\/li><li>Tiempo de entrega de 3 a 4 semanas<\/li><\/ul>\t\t\t\t\t\t\t\t<\/div>\n\t\t\t\t<\/div>\n\t\t\t\t\t<\/div>\n\t\t<\/div>\n\t\t\t\t\t<\/div>\n\t\t<\/section>\n\t\t\t\t<section class=\"elementor-section elementor-top-section elementor-element elementor-element-70af006 elementor-section-boxed elementor-section-height-default elementor-section-height-default\" data-id=\"70af006\" data-element_type=\"section\" data-e-type=\"section\">\n\t\t\t\t\t\t<div class=\"elementor-container elementor-column-gap-default\">\n\t\t\t\t\t<div class=\"elementor-column elementor-col-100 elementor-top-column elementor-element elementor-element-ae90334\" data-id=\"ae90334\" data-element_type=\"column\" data-e-type=\"column\">\n\t\t\t<div class=\"elementor-widget-wrap elementor-element-populated\">\n\t\t\t\t\t\t<div class=\"elementor-element elementor-element-d699a94 elementor-widget-divider--view-line_icon elementor-view-default elementor-widget-divider--element-align-center elementor-widget elementor-widget-divider\" data-id=\"d699a94\" data-element_type=\"widget\" data-e-type=\"widget\" data-settings=\"{&quot;_animation&quot;:&quot;none&quot;}\" data-widget_type=\"divider.default\">\n\t\t\t\t<div class=\"elementor-widget-container\">\n\t\t\t\t\t\t\t<div class=\"elementor-divider\">\n\t\t\t<span class=\"elementor-divider-separator\">\n\t\t\t\t\t\t\t<div class=\"elementor-icon elementor-divider__element\">\n\t\t\t\t\t<i aria-hidden=\"true\" class=\"fas fa-shopping-cart\"><\/i><\/div>\n\t\t\t\t\t\t<\/span>\n\t\t<\/div>\n\t\t\t\t\t\t<\/div>\n\t\t\t\t<\/div>\n\t\t\t\t\t<\/div>\n\t\t<\/div>\n\t\t\t\t\t<\/div>\n\t\t<\/section>\n\t\t\t\t<section class=\"elementor-section elementor-top-section elementor-element elementor-element-e48185e elementor-section-boxed elementor-section-height-default elementor-section-height-default\" data-id=\"e48185e\" data-element_type=\"section\" data-e-type=\"section\">\n\t\t\t\t\t\t<div class=\"elementor-container elementor-column-gap-default\">\n\t\t\t\t\t<div class=\"elementor-column elementor-col-100 elementor-top-column elementor-element elementor-element-1e44eb9\" data-id=\"1e44eb9\" data-element_type=\"column\" data-e-type=\"column\">\n\t\t\t<div class=\"elementor-widget-wrap elementor-element-populated\">\n\t\t\t\t\t\t<div class=\"elementor-element elementor-element-0e7c884 elementor-widget elementor-widget-text-editor\" data-id=\"0e7c884\" data-element_type=\"widget\" data-e-type=\"widget\" data-widget_type=\"text-editor.default\">\n\t\t\t\t<div class=\"elementor-widget-container\">\n\t\t\t\t\t\t\t\t\t<h2 style=\"text-align: center; padding-left: 40px;\"><strong>Medios de Pago<\/strong><\/h2>\t\t\t\t\t\t\t\t<\/div>\n\t\t\t\t<\/div>\n\t\t\t\t\t<\/div>\n\t\t<\/div>\n\t\t\t\t\t<\/div>\n\t\t<\/section>\n\t\t\t\t<section class=\"elementor-section elementor-top-section elementor-element elementor-element-0477a7d elementor-section-boxed elementor-section-height-default elementor-section-height-default\" data-id=\"0477a7d\" data-element_type=\"section\" data-e-type=\"section\">\n\t\t\t\t\t\t<div class=\"elementor-container elementor-column-gap-default\">\n\t\t\t\t\t<div class=\"elementor-column elementor-col-16 elementor-top-column elementor-element elementor-element-56cacbf\" data-id=\"56cacbf\" data-element_type=\"column\" data-e-type=\"column\">\n\t\t\t<div class=\"elementor-widget-wrap elementor-element-populated\">\n\t\t\t\t\t\t<div class=\"elementor-element elementor-element-459a06d elementor-widget elementor-widget-image\" data-id=\"459a06d\" data-element_type=\"widget\" data-e-type=\"widget\" data-widget_type=\"image.default\">\n\t\t\t\t<div class=\"elementor-widget-container\">\n\t\t\t\t\t\t\t\t\t\t\t\t\t\t\t<img decoding=\"async\" src=\"https:\/\/cotriangulum.com\/wp-content\/uploads\/elementor\/thumbs\/Captura_de_pantalla_2024-11-21_140855-removebg-preview-qxeebam6nbkue1czx9tktfjp5dgrfa2oxzu3m4jx26.png\" title=\"Captura_de_pantalla_2024-11-21_140855-removebg-preview\" alt=\"Captura_de_pantalla_2024-11-21_140855-removebg-preview\" loading=\"lazy\" \/>\t\t\t\t\t\t\t\t\t\t\t\t\t\t\t<\/div>\n\t\t\t\t<\/div>\n\t\t\t\t\t<\/div>\n\t\t<\/div>\n\t\t\t\t<div class=\"elementor-column elementor-col-16 elementor-top-column elementor-element elementor-element-f76a431\" data-id=\"f76a431\" data-element_type=\"column\" data-e-type=\"column\">\n\t\t\t<div class=\"elementor-widget-wrap elementor-element-populated\">\n\t\t\t\t\t\t<div class=\"elementor-element elementor-element-670d877 elementor-widget__width-initial elementor-widget elementor-widget-image\" data-id=\"670d877\" data-element_type=\"widget\" data-e-type=\"widget\" data-widget_type=\"image.default\">\n\t\t\t\t<div class=\"elementor-widget-container\">\n\t\t\t\t\t\t\t\t\t\t\t\t\t\t\t<img decoding=\"async\" src=\"https:\/\/cotriangulum.com\/wp-content\/uploads\/elementor\/thumbs\/descarga__1_-removebg-preview-qxedyyye4zls7czxyi0icm7ncne75f9gvh3it4drjm.png\" title=\"descarga__1_-removebg-preview\" alt=\"descarga__1_-removebg-preview\" loading=\"lazy\" \/>\t\t\t\t\t\t\t\t\t\t\t\t\t\t\t<\/div>\n\t\t\t\t<\/div>\n\t\t\t\t\t<\/div>\n\t\t<\/div>\n\t\t\t\t<div class=\"elementor-column elementor-col-16 elementor-top-column elementor-element elementor-element-8724e12\" data-id=\"8724e12\" data-element_type=\"column\" data-e-type=\"column\">\n\t\t\t<div class=\"elementor-widget-wrap elementor-element-populated\">\n\t\t\t\t\t\t<div class=\"elementor-element elementor-element-9908cec elementor-widget__width-initial elementor-widget elementor-widget-image\" data-id=\"9908cec\" data-element_type=\"widget\" data-e-type=\"widget\" data-widget_type=\"image.default\">\n\t\t\t\t<div class=\"elementor-widget-container\">\n\t\t\t\t\t\t\t\t\t\t\t\t\t\t\t<img decoding=\"async\" src=\"https:\/\/cotriangulum.com\/wp-content\/uploads\/2024\/11\/logo-Mastercard-removebg-preview-e1732552064992.png\" title=\"logo-Mastercard-removebg-preview\" alt=\"logo-Mastercard-removebg-preview\" loading=\"lazy\" \/>\t\t\t\t\t\t\t\t\t\t\t\t\t\t\t<\/div>\n\t\t\t\t<\/div>\n\t\t\t\t\t<\/div>\n\t\t<\/div>\n\t\t\t\t<div class=\"elementor-column elementor-col-16 elementor-top-column elementor-element elementor-element-e9443ec\" data-id=\"e9443ec\" data-element_type=\"column\" data-e-type=\"column\">\n\t\t\t<div class=\"elementor-widget-wrap elementor-element-populated\">\n\t\t\t\t\t\t<div class=\"elementor-element elementor-element-c515f30 elementor-widget__width-initial elementor-widget elementor-widget-image\" data-id=\"c515f30\" data-element_type=\"widget\" data-e-type=\"widget\" data-widget_type=\"image.default\">\n\t\t\t\t<div class=\"elementor-widget-container\">\n\t\t\t\t\t\t\t\t\t\t\t\t\t\t\t<img decoding=\"async\" src=\"https:\/\/cotriangulum.com\/wp-content\/uploads\/elementor\/thumbs\/Captura_de_pantalla_2024-11-21_140553-removebg-preview-qxee5w1mkgycs612k9wik9nmu3v7jsushjvxeaintg.png\" title=\"Captura_de_pantalla_2024-11-21_140553-removebg-preview\" alt=\"Captura_de_pantalla_2024-11-21_140553-removebg-preview\" loading=\"lazy\" \/>\t\t\t\t\t\t\t\t\t\t\t\t\t\t\t<\/div>\n\t\t\t\t<\/div>\n\t\t\t\t\t<\/div>\n\t\t<\/div>\n\t\t\t\t<div class=\"elementor-column elementor-col-16 elementor-top-column elementor-element elementor-element-dbcd8bb\" data-id=\"dbcd8bb\" data-element_type=\"column\" data-e-type=\"column\">\n\t\t\t<div class=\"elementor-widget-wrap elementor-element-populated\">\n\t\t\t\t\t\t<div class=\"elementor-element elementor-element-0b1e4a8 elementor-widget elementor-widget-image\" data-id=\"0b1e4a8\" data-element_type=\"widget\" data-e-type=\"widget\" data-widget_type=\"image.default\">\n\t\t\t\t<div class=\"elementor-widget-container\">\n\t\t\t\t\t\t\t\t\t\t\t\t\t\t\t\t<a href=\"https:\/\/www.paypal.com\/ncp\/payment\/EK9G4CNRKW288\">\n\t\t\t\t\t\t\t<img decoding=\"async\" src=\"https:\/\/cotriangulum.com\/wp-content\/uploads\/elementor\/thumbs\/Paypal_2014_logo-e1732552075797-qxl395iot1okhbxmo10h0thybjyvzufzhy3aa2y31s.png\" title=\"Paypal_2014_logo\" alt=\"Paypal_2014_logo\" loading=\"lazy\" \/>\t\t\t\t\t\t\t\t<\/a>\n\t\t\t\t\t\t\t\t\t\t\t\t\t\t\t<\/div>\n\t\t\t\t<\/div>\n\t\t\t\t\t<\/div>\n\t\t<\/div>\n\t\t\t\t<div class=\"elementor-column elementor-col-16 elementor-top-column elementor-element elementor-element-8440056\" data-id=\"8440056\" data-element_type=\"column\" data-e-type=\"column\">\n\t\t\t<div class=\"elementor-widget-wrap elementor-element-populated\">\n\t\t\t\t\t\t<div class=\"elementor-element elementor-element-0297432 elementor-widget__width-initial elementor-widget elementor-widget-image\" data-id=\"0297432\" data-element_type=\"widget\" data-e-type=\"widget\" data-widget_type=\"image.default\">\n\t\t\t\t<div class=\"elementor-widget-container\">\n\t\t\t\t\t\t\t\t\t\t\t\t\t\t\t<img decoding=\"async\" src=\"https:\/\/cotriangulum.com\/wp-content\/uploads\/elementor\/thumbs\/descarga-1-qxedv8jg76agu7e1pjhp486aza1vrw4wk3ebi2clno.png\" title=\"descarga (1)\" alt=\"descarga (1)\" loading=\"lazy\" \/>\t\t\t\t\t\t\t\t\t\t\t\t\t\t\t<\/div>\n\t\t\t\t<\/div>\n\t\t\t\t\t<\/div>\n\t\t<\/div>\n\t\t\t\t\t<\/div>\n\t\t<\/section>\n\t\t\t\t<\/div>\n\t\t","protected":false},"excerpt":{"rendered":"<p>Desarrallo de pagina Web Desarrollo basico Creaci\u00f3n de un nuevo sitio web. Creaci\u00f3n y eliminaci\u00f3n de secciones. Renombrar secciones sitio web. Cambios de tipo de esquema. Actualizaciones funcionales del CMS. Liberaci\u00f3n del sitio de mantenimiento a producci\u00f3n. Redireccionamiento de dominio. Creaci\u00f3n y restablecimiento de credencial Protege: Vulnerabilidades y riesgos a los equipos \u00a0Protecci\u00f3n de correos [&hellip;]<\/p>\n","protected":false},"author":1,"featured_media":0,"parent":0,"menu_order":0,"comment_status":"closed","ping_status":"closed","template":"","meta":{"footnotes":""},"class_list":["post-498","page","type-page","status-publish","hentry"],"_links":{"self":[{"href":"https:\/\/cotriangulum.com\/index.php\/wp-json\/wp\/v2\/pages\/498","targetHints":{"allow":["GET"]}}],"collection":[{"href":"https:\/\/cotriangulum.com\/index.php\/wp-json\/wp\/v2\/pages"}],"about":[{"href":"https:\/\/cotriangulum.com\/index.php\/wp-json\/wp\/v2\/types\/page"}],"author":[{"embeddable":true,"href":"https:\/\/cotriangulum.com\/index.php\/wp-json\/wp\/v2\/users\/1"}],"replies":[{"embeddable":true,"href":"https:\/\/cotriangulum.com\/index.php\/wp-json\/wp\/v2\/comments?post=498"}],"version-history":[{"count":28,"href":"https:\/\/cotriangulum.com\/index.php\/wp-json\/wp\/v2\/pages\/498\/revisions"}],"predecessor-version":[{"id":649,"href":"https:\/\/cotriangulum.com\/index.php\/wp-json\/wp\/v2\/pages\/498\/revisions\/649"}],"wp:attachment":[{"href":"https:\/\/cotriangulum.com\/index.php\/wp-json\/wp\/v2\/media?parent=498"}],"curies":[{"name":"wp","href":"https:\/\/api.w.org\/{rel}","templated":true}]}}