{"id":28,"date":"2023-07-31T14:49:04","date_gmt":"2023-07-31T14:49:04","guid":{"rendered":"https:\/\/cotriangulum.com\/index.php\/services\/"},"modified":"2023-08-01T17:20:48","modified_gmt":"2023-08-01T17:20:48","slug":"services","status":"publish","type":"page","link":"https:\/\/cotriangulum.com\/index.php\/services\/","title":{"rendered":"Services"},"content":{"rendered":"\t\t<div data-elementor-type=\"wp-page\" data-elementor-id=\"28\" class=\"elementor elementor-28\">\n\t\t\t\t\t\t<section class=\"elementor-section elementor-top-section elementor-element elementor-element-1c6a0f65 elementor-section-height-min-height elementor-section-items-stretch elementor-section-content-middle elementor-section-boxed elementor-section-height-default\" data-id=\"1c6a0f65\" data-element_type=\"section\" data-e-type=\"section\">\n\t\t\t\t\t\t<div class=\"elementor-container elementor-column-gap-extended\">\n\t\t\t\t\t<div class=\"elementor-column elementor-col-100 elementor-top-column elementor-element elementor-element-bc8b05d\" data-id=\"bc8b05d\" data-element_type=\"column\" data-e-type=\"column\">\n\t\t\t<div class=\"elementor-widget-wrap elementor-element-populated\">\n\t\t\t\t\t\t<div class=\"elementor-element elementor-element-2470dfdf elementor-widget__width-initial elementor-widget elementor-widget-heading\" data-id=\"2470dfdf\" data-element_type=\"widget\" data-e-type=\"widget\" data-widget_type=\"heading.default\">\n\t\t\t\t<div class=\"elementor-widget-container\">\n\t\t\t\t\t<h1 class=\"elementor-heading-title elementor-size-default\">Nuestros Servicios<\/h1>\t\t\t\t<\/div>\n\t\t\t\t<\/div>\n\t\t\t\t<div class=\"elementor-element elementor-element-6adf13ed elementor-widget-divider--view-line elementor-widget elementor-widget-divider\" data-id=\"6adf13ed\" data-element_type=\"widget\" data-e-type=\"widget\" data-widget_type=\"divider.default\">\n\t\t\t\t<div class=\"elementor-widget-container\">\n\t\t\t\t\t\t\t<div class=\"elementor-divider\">\n\t\t\t<span class=\"elementor-divider-separator\">\n\t\t\t\t\t\t<\/span>\n\t\t<\/div>\n\t\t\t\t\t\t<\/div>\n\t\t\t\t<\/div>\n\t\t\t\t<div class=\"elementor-element elementor-element-3be286e1 elementor-widget__width-initial elementor-widget-tablet__width-initial elementor-widget elementor-widget-heading\" data-id=\"3be286e1\" data-element_type=\"widget\" data-e-type=\"widget\" data-widget_type=\"heading.default\">\n\t\t\t\t<div class=\"elementor-widget-container\">\n\t\t\t\t\t<h5 class=\"elementor-heading-title elementor-size-default\">Descubre los servicios que podrian ayudar a tu empresa a despegar.<\/h5>\t\t\t\t<\/div>\n\t\t\t\t<\/div>\n\t\t\t\t\t<\/div>\n\t\t<\/div>\n\t\t\t\t\t<\/div>\n\t\t<\/section>\n\t\t\t\t<section class=\"elementor-section elementor-top-section elementor-element elementor-element-2d7330d3 elementor-section-height-min-height elementor-section-items-stretch elementor-section-content-middle elementor-section-boxed elementor-section-height-default\" data-id=\"2d7330d3\" data-element_type=\"section\" data-e-type=\"section\" id=\"service1\">\n\t\t\t\t\t\t<div class=\"elementor-container elementor-column-gap-no\">\n\t\t\t\t\t<div class=\"elementor-column elementor-col-50 elementor-top-column elementor-element elementor-element-7a673841\" data-id=\"7a673841\" data-element_type=\"column\" data-e-type=\"column\">\n\t\t\t<div class=\"elementor-widget-wrap elementor-element-populated\">\n\t\t\t\t\t\t<div class=\"elementor-element elementor-element-1ad918f7 elementor-widget elementor-widget-heading\" data-id=\"1ad918f7\" data-element_type=\"widget\" data-e-type=\"widget\" data-widget_type=\"heading.default\">\n\t\t\t\t<div class=\"elementor-widget-container\">\n\t\t\t\t\t<h2 class=\"elementor-heading-title elementor-size-default\">Redes Sociales<\/h2>\t\t\t\t<\/div>\n\t\t\t\t<\/div>\n\t\t\t\t<div class=\"elementor-element elementor-element-36fe8e34 elementor-widget__width-initial elementor-widget elementor-widget-text-editor\" data-id=\"36fe8e34\" data-element_type=\"widget\" data-e-type=\"widget\" data-widget_type=\"text-editor.default\">\n\t\t\t\t<div class=\"elementor-widget-container\">\n\t\t\t\t\t\t\t\t\t<p><span style=\"text-align: left;\">Llamar la atenci\u00f3n de tu mercado meta es lo que buscamos a trav\u00e9s de las estrategias en medios sociales para convertirlos en clientes potenciales. Es por eso que nuestra metodolog\u00eda va m\u00e1s all\u00e1 de un anuncio tradicional. Cuando estamos creando una campa\u00f1a en Redes Sociales nos basamos en:<\/span><\/p>\n<ul>\n<li>Oferta &nbsp;<\/li>\n<li>Redacci\u00f3n &nbsp;<\/li>\n<li>Segmentaci\u00f3n &nbsp;<\/li>\n<li>Imagen &nbsp;<\/li>\n<li>Estructura de campa\u00f1a<\/li>\n<\/ul><div><br><\/div>\n<p>Analizando los datos de la campa\u00f1a, nos aseguramos que el mensaje sea el adecuado y siempre buscamos optimizar con una segmentaci\u00f3n de acuerdo al mercado y as\u00ed obtener el costo por venta m\u00e1s bajo. Conoce todo lo que podemos hacer por tu negocio como agencia de publicidad digital.<\/p>\t\t\t\t\t\t\t\t<\/div>\n\t\t\t\t<\/div>\n\t\t\t\t\t<\/div>\n\t\t<\/div>\n\t\t\t\t<div class=\"elementor-column elementor-col-50 elementor-top-column elementor-element elementor-element-6c8b94f1\" data-id=\"6c8b94f1\" data-element_type=\"column\" data-e-type=\"column\" data-settings=\"{&quot;background_background&quot;:&quot;classic&quot;}\">\n\t\t\t<div class=\"elementor-widget-wrap elementor-element-populated\">\n\t\t\t\t\t\t<div class=\"elementor-element elementor-element-e27c639 elementor-widget elementor-widget-image\" data-id=\"e27c639\" data-element_type=\"widget\" data-e-type=\"widget\" data-widget_type=\"image.default\">\n\t\t\t\t<div class=\"elementor-widget-container\">\n\t\t\t\t\t\t\t\t\t\t\t\t\t\t\t<img fetchpriority=\"high\" decoding=\"async\" width=\"1920\" height=\"1080\" src=\"https:\/\/cotriangulum.com\/wp-content\/uploads\/2023\/08\/gz2puntocero-servicios-social-media-marketing-redes-sociales.png\" class=\"elementor-animation-shrink attachment-2048x2048 size-2048x2048 wp-image-225\" alt=\"\" srcset=\"https:\/\/cotriangulum.com\/wp-content\/uploads\/2023\/08\/gz2puntocero-servicios-social-media-marketing-redes-sociales.png 1920w, https:\/\/cotriangulum.com\/wp-content\/uploads\/2023\/08\/gz2puntocero-servicios-social-media-marketing-redes-sociales-300x169.png 300w, https:\/\/cotriangulum.com\/wp-content\/uploads\/2023\/08\/gz2puntocero-servicios-social-media-marketing-redes-sociales-1024x576.png 1024w, https:\/\/cotriangulum.com\/wp-content\/uploads\/2023\/08\/gz2puntocero-servicios-social-media-marketing-redes-sociales-768x432.png 768w, https:\/\/cotriangulum.com\/wp-content\/uploads\/2023\/08\/gz2puntocero-servicios-social-media-marketing-redes-sociales-1536x864.png 1536w\" sizes=\"(max-width: 1920px) 100vw, 1920px\" \/>\t\t\t\t\t\t\t\t\t\t\t\t\t\t\t<\/div>\n\t\t\t\t<\/div>\n\t\t\t\t\t<\/div>\n\t\t<\/div>\n\t\t\t\t\t<\/div>\n\t\t<\/section>\n\t\t\t\t<section class=\"elementor-section elementor-top-section elementor-element elementor-element-78316943 elementor-section-height-min-height elementor-section-items-stretch elementor-section-content-middle elementor-section-boxed elementor-section-height-default\" data-id=\"78316943\" data-element_type=\"section\" data-e-type=\"section\" id=\"service2\">\n\t\t\t\t\t\t<div class=\"elementor-container elementor-column-gap-no\">\n\t\t\t\t\t<div class=\"elementor-column elementor-col-50 elementor-top-column elementor-element elementor-element-77f2a65a\" data-id=\"77f2a65a\" data-element_type=\"column\" data-e-type=\"column\">\n\t\t\t<div class=\"elementor-widget-wrap elementor-element-populated\">\n\t\t\t\t\t\t<div class=\"elementor-element elementor-element-4fb5f65 elementor-widget elementor-widget-image\" data-id=\"4fb5f65\" data-element_type=\"widget\" data-e-type=\"widget\" data-widget_type=\"image.default\">\n\t\t\t\t<div class=\"elementor-widget-container\">\n\t\t\t\t\t\t\t\t\t\t\t\t\t\t\t<img decoding=\"async\" width=\"800\" height=\"400\" src=\"https:\/\/cotriangulum.com\/wp-content\/uploads\/2023\/08\/file-1024x512.jpg\" class=\"elementor-animation-shrink attachment-large size-large wp-image-230\" alt=\"\" srcset=\"https:\/\/cotriangulum.com\/wp-content\/uploads\/2023\/08\/file-1024x512.jpg 1024w, https:\/\/cotriangulum.com\/wp-content\/uploads\/2023\/08\/file-300x150.jpg 300w, https:\/\/cotriangulum.com\/wp-content\/uploads\/2023\/08\/file-768x384.jpg 768w, https:\/\/cotriangulum.com\/wp-content\/uploads\/2023\/08\/file.jpg 1520w\" sizes=\"(max-width: 800px) 100vw, 800px\" \/>\t\t\t\t\t\t\t\t\t\t\t\t\t\t\t<\/div>\n\t\t\t\t<\/div>\n\t\t\t\t\t<\/div>\n\t\t<\/div>\n\t\t\t\t<div class=\"elementor-column elementor-col-50 elementor-top-column elementor-element elementor-element-2a9f4f7a\" data-id=\"2a9f4f7a\" data-element_type=\"column\" data-e-type=\"column\" data-settings=\"{&quot;background_background&quot;:&quot;classic&quot;}\">\n\t\t\t<div class=\"elementor-widget-wrap elementor-element-populated\">\n\t\t\t\t\t\t<div class=\"elementor-element elementor-element-2089b9b2 elementor-widget elementor-widget-heading\" data-id=\"2089b9b2\" data-element_type=\"widget\" data-e-type=\"widget\" data-widget_type=\"heading.default\">\n\t\t\t\t<div class=\"elementor-widget-container\">\n\t\t\t\t\t<h2 class=\"elementor-heading-title elementor-size-default\">Sitios Web<\/h2>\t\t\t\t<\/div>\n\t\t\t\t<\/div>\n\t\t\t\t<div class=\"elementor-element elementor-element-5e253f48 elementor-widget elementor-widget-text-editor\" data-id=\"5e253f48\" data-element_type=\"widget\" data-e-type=\"widget\" data-widget_type=\"text-editor.default\">\n\t\t\t\t<div class=\"elementor-widget-container\">\n\t\t\t\t\t\t\t\t\t<ul><li><span style=\"color: #000000;\">Servicio de Hospedaje<\/span><\/li><li><span style=\"color: #000000;\">Registro y Administraci\u00f3n de Dominios<\/span><\/li><li><span style=\"color: #000000;\">Mantenimiento y soporte de sitios web<\/span><\/li><li><span style=\"color: #000000;\">Desarrollo de contenidos y dise\u00f1o de piezas<\/span><\/li><li><span style=\"color: #000000;\">Optimizaci\u00f3n y An\u00e1lisis Web<\/span><\/li><li><span style=\"color: #000000;\">Control y manejo de medios interactivos<\/span><\/li><li><span style=\"color: #000000;\">Monitoreo de campa\u00f1as<\/span><\/li><li><span style=\"color: #000000;\">Capacitaci\u00f3n y programas enfocados a obtener un mejor marketing digital.<\/span><\/li><\/ul>\t\t\t\t\t\t\t\t<\/div>\n\t\t\t\t<\/div>\n\t\t\t\t\t<\/div>\n\t\t<\/div>\n\t\t\t\t\t<\/div>\n\t\t<\/section>\n\t\t\t\t<section class=\"elementor-section elementor-top-section elementor-element elementor-element-22c1b5fe elementor-section-height-min-height elementor-section-items-stretch elementor-section-content-middle elementor-section-boxed elementor-section-height-default\" data-id=\"22c1b5fe\" data-element_type=\"section\" data-e-type=\"section\" id=\"service3\">\n\t\t\t\t\t\t<div class=\"elementor-container elementor-column-gap-no\">\n\t\t\t\t\t<div class=\"elementor-column elementor-col-50 elementor-top-column elementor-element elementor-element-463b4a35\" data-id=\"463b4a35\" data-element_type=\"column\" data-e-type=\"column\">\n\t\t\t<div class=\"elementor-widget-wrap elementor-element-populated\">\n\t\t\t\t\t\t<div class=\"elementor-element elementor-element-54c1c0a2 elementor-widget elementor-widget-heading\" data-id=\"54c1c0a2\" data-element_type=\"widget\" data-e-type=\"widget\" data-widget_type=\"heading.default\">\n\t\t\t\t<div class=\"elementor-widget-container\">\n\t\t\t\t\t<h2 class=\"elementor-heading-title elementor-size-default\">Branding<\/h2>\t\t\t\t<\/div>\n\t\t\t\t<\/div>\n\t\t\t\t<div class=\"elementor-element elementor-element-4ef22579 elementor-widget elementor-widget-text-editor\" data-id=\"4ef22579\" data-element_type=\"widget\" data-e-type=\"widget\" data-widget_type=\"text-editor.default\">\n\t\t\t\t<div class=\"elementor-widget-container\">\n\t\t\t\t\t\t\t\t\t<ul><li><span style=\"color: #000000;\">Creaci\u00f3n de conceptos de marca<\/span><\/li><li><span style=\"color: #000000;\">Identidad Gr\u00e1fica y sus adaptaciones<\/span><\/li><li><span style=\"color: #000000;\">Dise\u00f1o de logotipos<\/span><\/li><li><span style=\"color: #000000;\">Papeler\u00eda Corporativa<\/span><\/li><li><span style=\"color: #000000;\">Empaque y embalaje<\/span><\/li><li><span style=\"color: #000000;\">Rotulaci\u00f3n de autos<\/span><\/li><li><span style=\"color: #000000;\">Desarrollo de presentaciones<\/span><\/li><li><span style=\"color: #000000;\">Dise\u00f1o y Planeaci\u00f3n de Media Mix<\/span><\/li><li><span style=\"color: #000000;\">Desarrollo de conceptos publicitarios<\/span><\/li><li><span style=\"color: #000000;\">Arquitectura de Marca<\/span><\/li><li><span style=\"color: #000000;\">Anuncios Gr\u00e1ficos<\/span><\/li><li><span style=\"color: #000000;\">Material POP<\/span><\/li><li><span style=\"color: #000000;\">Exhibici\u00f3n de productos<\/span><\/li><li><span style=\"color: #000000;\">Dise\u00f1o de Stands<\/span><\/li><li><span style=\"color: #000000;\">Folleter\u00eda, flyers y Cat\u00e1logos<\/span><\/li><li><span style=\"color: #000000;\">Mensajes en medios impresos y digitales<\/span><\/li><li><span style=\"color: #000000;\">Organizaci\u00f3n de eventos<\/span><\/li><li><span style=\"color: #000000;\">Creaci\u00f3n, Planeaci\u00f3n, Coordinaci\u00f3n y Ejecuci\u00f3n de Campa\u00f1as ATL, BTL y Digitales<\/span><\/li><li><span style=\"color: #000000;\">Desarrollo e implementaci\u00f3n de Promociones<\/span><\/li><li><span style=\"color: #000000;\">Planeaci\u00f3n Estrat\u00e9gica (Marketing Plan)<\/span><\/li><\/ul>\t\t\t\t\t\t\t\t<\/div>\n\t\t\t\t<\/div>\n\t\t\t\t\t<\/div>\n\t\t<\/div>\n\t\t\t\t<div class=\"elementor-column elementor-col-50 elementor-top-column elementor-element elementor-element-7df408ed\" data-id=\"7df408ed\" data-element_type=\"column\" data-e-type=\"column\" data-settings=\"{&quot;background_background&quot;:&quot;classic&quot;}\">\n\t\t\t<div class=\"elementor-widget-wrap elementor-element-populated\">\n\t\t\t\t\t\t<div class=\"elementor-element elementor-element-5374e69 elementor-widget elementor-widget-image\" data-id=\"5374e69\" data-element_type=\"widget\" data-e-type=\"widget\" data-widget_type=\"image.default\">\n\t\t\t\t<div class=\"elementor-widget-container\">\n\t\t\t\t\t\t\t\t\t\t\t\t\t\t\t<img decoding=\"async\" width=\"630\" height=\"340\" src=\"https:\/\/cotriangulum.com\/wp-content\/uploads\/2023\/08\/branding.png\" class=\"elementor-animation-shrink attachment-large size-large wp-image-231\" alt=\"\" srcset=\"https:\/\/cotriangulum.com\/wp-content\/uploads\/2023\/08\/branding.png 630w, https:\/\/cotriangulum.com\/wp-content\/uploads\/2023\/08\/branding-300x162.png 300w\" sizes=\"(max-width: 630px) 100vw, 630px\" \/>\t\t\t\t\t\t\t\t\t\t\t\t\t\t\t<\/div>\n\t\t\t\t<\/div>\n\t\t\t\t\t<\/div>\n\t\t<\/div>\n\t\t\t\t\t<\/div>\n\t\t<\/section>\n\t\t\t\t<section class=\"elementor-section elementor-top-section elementor-element elementor-element-11442351 elementor-section-height-min-height elementor-section-items-stretch elementor-section-content-middle elementor-section-boxed elementor-section-height-default\" data-id=\"11442351\" data-element_type=\"section\" data-e-type=\"section\" id=\"service4\">\n\t\t\t\t\t\t<div class=\"elementor-container elementor-column-gap-no\">\n\t\t\t\t\t<div class=\"elementor-column elementor-col-50 elementor-top-column elementor-element elementor-element-6d44ca44\" data-id=\"6d44ca44\" data-element_type=\"column\" data-e-type=\"column\">\n\t\t\t<div class=\"elementor-widget-wrap elementor-element-populated\">\n\t\t\t\t\t\t<div class=\"elementor-element elementor-element-53cd180 elementor-widget elementor-widget-image\" data-id=\"53cd180\" data-element_type=\"widget\" data-e-type=\"widget\" data-widget_type=\"image.default\">\n\t\t\t\t<div class=\"elementor-widget-container\">\n\t\t\t\t\t\t\t\t\t\t\t\t\t\t\t<img loading=\"lazy\" decoding=\"async\" width=\"800\" height=\"612\" src=\"https:\/\/cotriangulum.com\/wp-content\/uploads\/2023\/08\/cinco_tendencias_publicidad_digital.jpg_1937894711-1024x783.webp\" class=\"elementor-animation-shrink attachment-large size-large wp-image-232\" alt=\"\" srcset=\"https:\/\/cotriangulum.com\/wp-content\/uploads\/2023\/08\/cinco_tendencias_publicidad_digital.jpg_1937894711-1024x783.webp 1024w, https:\/\/cotriangulum.com\/wp-content\/uploads\/2023\/08\/cinco_tendencias_publicidad_digital.jpg_1937894711-300x229.webp 300w, https:\/\/cotriangulum.com\/wp-content\/uploads\/2023\/08\/cinco_tendencias_publicidad_digital.jpg_1937894711-768x587.webp 768w, https:\/\/cotriangulum.com\/wp-content\/uploads\/2023\/08\/cinco_tendencias_publicidad_digital.jpg_1937894711.webp 1200w\" sizes=\"(max-width: 800px) 100vw, 800px\" \/>\t\t\t\t\t\t\t\t\t\t\t\t\t\t\t<\/div>\n\t\t\t\t<\/div>\n\t\t\t\t\t<\/div>\n\t\t<\/div>\n\t\t\t\t<div class=\"elementor-column elementor-col-50 elementor-top-column elementor-element elementor-element-7048836f\" data-id=\"7048836f\" data-element_type=\"column\" data-e-type=\"column\" data-settings=\"{&quot;background_background&quot;:&quot;classic&quot;}\">\n\t\t\t<div class=\"elementor-widget-wrap elementor-element-populated\">\n\t\t\t\t\t\t<div class=\"elementor-element elementor-element-1a1e5eb2 elementor-widget elementor-widget-heading\" data-id=\"1a1e5eb2\" data-element_type=\"widget\" data-e-type=\"widget\" data-widget_type=\"heading.default\">\n\t\t\t\t<div class=\"elementor-widget-container\">\n\t\t\t\t\t<h2 class=\"elementor-heading-title elementor-size-default\">Creaci\u00f3n de campa\u00f1as<\/h2>\t\t\t\t<\/div>\n\t\t\t\t<\/div>\n\t\t\t\t<div class=\"elementor-element elementor-element-1ae2bb4a elementor-widget elementor-widget-text-editor\" data-id=\"1ae2bb4a\" data-element_type=\"widget\" data-e-type=\"widget\" data-widget_type=\"text-editor.default\">\n\t\t\t\t<div class=\"elementor-widget-container\">\n\t\t\t\t\t\t\t\t\t<ul><li><span style=\"color: #000000;\">An\u00e1lisis del sitio web, dise\u00f1o y estructuraci\u00f3n de las campa\u00f1as.<\/span><\/li><li><span style=\"color: #000000;\">Valoraci\u00f3n de los distintos comportamientos de campa\u00f1a y optimizaci\u00f3n.<\/span><\/li><li><span style=\"color: #000000;\">Redacci\u00f3n de anuncios y concordancia en las b\u00fasquedas.<\/span><\/li><li><span style=\"color: #000000;\">Informe de palabras clave, agrupaci\u00f3n por categor\u00edas y anuncios.<\/span><\/li><li><span style=\"color: #000000;\">Ajuste de coste por clic para cada palabra clave y reducci\u00f3n de costos.<\/span><\/li><li><span style=\"color: #000000;\">Control y Seguimiento a cada campa\u00f1a , con informaci\u00f3n detallada sobre los resultados obtenidos.<\/span><\/li><li><span style=\"color: #000000;\">Presencia con diferentes formatos y tama\u00f1os de anuncios gr\u00e1ficos.<\/span><\/li><li><span style=\"color: #000000;\">Generar tr\u00e1fico a la web de forma r\u00e1pida y visual<\/span><\/li><li><span style=\"color: #000000;\">Diferentes opciones de segmentaci\u00f3n (geogr\u00e1fica, sitios Premium, etc.)<\/span><\/li><li><span style=\"color: #000000;\">Atraer r\u00e1pidamente tr\u00e1fico cualificado al sitio web.<\/span><\/li><li><span style=\"color: #000000;\">Permitir realizar remarketing (mostrar un anuncio a personas que hayan visitado tu p\u00e1gina.)<\/span><\/li><\/ul>\t\t\t\t\t\t\t\t<\/div>\n\t\t\t\t<\/div>\n\t\t\t\t\t<\/div>\n\t\t<\/div>\n\t\t\t\t\t<\/div>\n\t\t<\/section>\n\t\t\t\t<section class=\"elementor-section elementor-top-section elementor-element elementor-element-ed4e518 elementor-section-boxed elementor-section-height-default elementor-section-height-default\" data-id=\"ed4e518\" data-element_type=\"section\" data-e-type=\"section\">\n\t\t\t\t\t\t<div class=\"elementor-container elementor-column-gap-default\">\n\t\t\t\t\t<div class=\"elementor-column elementor-col-100 elementor-top-column elementor-element elementor-element-6f03c1b\" data-id=\"6f03c1b\" data-element_type=\"column\" data-e-type=\"column\">\n\t\t\t<div class=\"elementor-widget-wrap\">\n\t\t\t\t\t\t\t<\/div>\n\t\t<\/div>\n\t\t\t\t\t<\/div>\n\t\t<\/section>\n\t\t\t\t<\/div>\n\t\t","protected":false},"excerpt":{"rendered":"<p>Nuestros Servicios Descubre los servicios que podrian ayudar a tu empresa a despegar. Redes Sociales Llamar la atenci\u00f3n de tu mercado meta es lo que buscamos a trav\u00e9s de las estrategias en medios sociales para convertirlos en clientes potenciales. Es por eso que nuestra metodolog\u00eda va m\u00e1s all\u00e1 de un anuncio tradicional. Cuando estamos creando [&hellip;]<\/p>\n","protected":false},"author":1,"featured_media":0,"parent":0,"menu_order":0,"comment_status":"closed","ping_status":"closed","template":"elementor_header_footer","meta":{"footnotes":""},"class_list":["post-28","page","type-page","status-publish","hentry"],"_links":{"self":[{"href":"https:\/\/cotriangulum.com\/index.php\/wp-json\/wp\/v2\/pages\/28","targetHints":{"allow":["GET"]}}],"collection":[{"href":"https:\/\/cotriangulum.com\/index.php\/wp-json\/wp\/v2\/pages"}],"about":[{"href":"https:\/\/cotriangulum.com\/index.php\/wp-json\/wp\/v2\/types\/page"}],"author":[{"embeddable":true,"href":"https:\/\/cotriangulum.com\/index.php\/wp-json\/wp\/v2\/users\/1"}],"replies":[{"embeddable":true,"href":"https:\/\/cotriangulum.com\/index.php\/wp-json\/wp\/v2\/comments?post=28"}],"version-history":[{"count":18,"href":"https:\/\/cotriangulum.com\/index.php\/wp-json\/wp\/v2\/pages\/28\/revisions"}],"predecessor-version":[{"id":239,"href":"https:\/\/cotriangulum.com\/index.php\/wp-json\/wp\/v2\/pages\/28\/revisions\/239"}],"wp:attachment":[{"href":"https:\/\/cotriangulum.com\/index.php\/wp-json\/wp\/v2\/media?parent=28"}],"curies":[{"name":"wp","href":"https:\/\/api.w.org\/{rel}","templated":true}]}}